{"id":938,"date":"2021-02-01T10:06:34","date_gmt":"2021-02-01T09:06:34","guid":{"rendered":"https:\/\/www.remymartin.com\/fr-fr\/terms-and-conditions\/"},"modified":"2026-02-18T10:43:06","modified_gmt":"2026-02-18T09:43:06","slug":"terms-and-conditions","status":"publish","type":"page","link":"https:\/\/www.remymartin.com\/fr-fr\/terms-and-conditions\/","title":{"rendered":"Conditions g\u00e9n\u00e9rales d\u2019utilisation"},"content":{"rendered":"<div class=\"section  alignfull\" style=\"\" id=\"headline-copy-big-block_ef54094f2c65bca0d70313cb1e34be05\">\n\t\t<div class=\"offset-wrapper\" style=\"margin-top: 15vh; margin-bottom: 0vh;\">\n\t\t<div class=\"headline-copy-big\">\n\t\t<div class=\"container\">\n\t\t\t\t\t\t<div class=\"row justify-content-center align-center text-center\">\n\t\t\t\t<div class=\"col-12 col-md-10 col-lg-6\">\n\t\t\t\t\t\t\t\t<div >\n\t\t\t\t\t\t\t\t\t\t\t\t<h2>Conditions g\u00e9n\u00e9rales d&#8217;utilisation<\/h2>\n\t\t\t\t\t\t<p class=\"m-t-20\">DERNI\u00c8RE MISE \u00c0 JOUR <strong>F\u00c9VRIER 2023<\/strong><\/p>\n\t\t\t\t\t<\/div>\n\t\t\t\t<\/div>\n\t\t\t<\/div>\n\t\t<\/div>\n\t<\/div>\n\t\t<\/div>\n\t<\/div>\n\n\n<div class=\"section\" id=\"copy-news-block_c958cae187522d79789e774b6fe43de4\">\n\t\t<div class=\"offset-wrapper\" style=\"margin-top: -5vh; margin-bottom: 5vh;\">\n\t\t<div class=\"copy-news\">\n\t\t<div class=\"container\">\n\t\t\t<div class=\"row\">\n\t\t\t\t<div class=\"col-12 offset-md-2 col-md-8\">\n\t\t\t\t\t<p>L\u2019UTILISATION DU SITE SUPPOSE QUE VOUS AYEZ IMPERATIVEMENT ATTEINT L\u2019AGE LEGAL POUR LA CONSOMMATION D\u2019ALCOOL EN VIGUEUR DANS VOTRE PAYS DE RESIDENCE.<\/p>\n<p>Nous vous souhaitons la bienvenue sur le Site d\u00e9di\u00e9 \u00e0 la marque R\u00e9my Martin et accessible via l\u2019adresse URL suivante <a href=\"http:\/\/www.remymartin.com\/fr-fr\/\">www.remymartin.com\/fr-fr\/<\/a> (ci-apr\u00e8s d\u00e9nomm\u00e9 le \u00ab Site \u00bb).<\/p>\n<p><em>L&#8217;utilisation du Site implique l\u2019acceptation sans r\u00e9serve des pr\u00e9sentes Conditions G\u00e9n\u00e9rales d\u2019Utilisation (ci-apr\u00e8s les &#8220;CGU&#8221;). Les utilisateurs n&#8217;acceptant pas les CGU sont invit\u00e9s \u00e0 se d\u00e9connecter imm\u00e9diatement du Site.<\/em><\/p>\n<p><em>L&#8217;\u00e9diteur du Site se r\u00e9serve le droit de modifier les CGU \u00e0 tout moment et sans pr\u00e9avis. Les modifications prendront effet d\u00e8s leur publication en ligne. Nous vous invitons \u00e0 consulter r\u00e9guli\u00e8rement les CGU pour prendre connaissance de leurs \u00e9ventuelles modifications.<\/em><\/p>\n<p><em>\u00a0<\/em><strong style=\"font-size: 16px;letter-spacing: 0.96px\">1. INFORMATIONS L\u00c9GALES<\/strong><\/p>\n<p>EDITEUR\u00a0:<br \/>\nLe Site a \u00e9t\u00e9 d\u00e9velopp\u00e9 pour et publi\u00e9 par\u00a0E. REMY MARTIN\u00a0&amp; C\u00b0, soci\u00e9t\u00e9 au capital de 6 724 809 euros, dont le si\u00e8ge social se situe au 20, rue de la Soci\u00e9t\u00e9 Vinicole, 16100 Cognac, immatricul\u00e9e sous le num\u00e9ro B 775 563 323 (ci-apr\u00e8s d\u00e9nomm\u00e9 la \u00ab Soci\u00e9t\u00e9 \u00bb ou \u00ab nous \u00bb). Num\u00e9ro de TVA intracommunautaire : FR63775563323.<\/p>\n<p>Directrice de la publication : Marion De Piccoli, Directrice de Communication R\u00e9my Martin.<\/p>\n<p>Contact\u00a0: contact@remymartin.com (ci-apr\u00e8s \u00ab\u00a0Adresse de Contact\u00a0\u00bb).<\/p>\n<p>HEBERGEUR\u00a0:<br \/>\nLe Site est h\u00e9berg\u00e9 par Amazon Web Services LLC. P.O. Box 81226, Seattle, WA 98108-1226, USA. Num\u00e9ro de t\u00e9l\u00e9phone (US): (206) 266-4064\u00a0; et g\u00e9r\u00e9 par \u00a0EdifiXio, dont le si\u00e8ge social se situe 123 rue Jules Guesde, 92300 LEVALLOIS-PERRET, FRANCE. SIRET No: 433 002 011 00107. Contact: contact@edifixio.com \/ 01 56 90 50 40.<\/p>\n<p>&nbsp;<\/p>\n<p><strong>2. ACCES AU SITE<\/strong><\/p>\n<p>Le pr\u00e9sent Site est d\u00e9di\u00e9 \u00e0 la Maison\u00a0R\u00c9MY MARTIN,\u00a0sp\u00e9cialis\u00e9e dans le n\u00e9goce de boissons alcoolis\u00e9es. Si la l\u00e9gislation de votre pays de r\u00e9sidence vous interdit d\u2019utiliser le Site, veuillez le quitter imm\u00e9diatement.<\/p>\n<p>Veuillez noter en particulier (et de mani\u00e8re non limitative) les restrictions suivantes :<br \/>\n&#8211; Protection des mineurs : l\u2019utilisation du Site suppose que vous ayez imp\u00e9rativement atteint l\u2019\u00e2ge l\u00e9gal pour la consommation d\u2019alcool en vigueur dans votre pays de r\u00e9sidence. Si vous ne respectez pas ces conditions, merci de quitter le Site imm\u00e9diatement.<\/p>\n<p>L&#8217;utilisation du Site est r\u00e9serv\u00e9e \u00e0 un usage priv\u00e9. Vous vous engagez \u00e0 ne pas utiliser le Site et les donn\u00e9es qui y figurent \u00e0 d&#8217;autres fins, notamment commerciales.<\/p>\n<p>Sauf indication contraire, les produits et services pr\u00e9sent\u00e9s sur le Site ne constituent pas une offre de vente, mais une pr\u00e9sentation g\u00e9n\u00e9rale de la gamme de produits et services que distribue la Soci\u00e9t\u00e9 dans le pays dans lequel ce Site est publi\u00e9.<\/p>\n<p>&nbsp;<\/p>\n<p><strong>3. PROPRI\u00c9T\u00c9 INTELLECTUELLE<\/strong><\/p>\n<p>Le Site ainsi que tous les contenus qui le composent (notamment les marques, logos, images, vid\u00e9os, textes\u2026) sont prot\u00e9g\u00e9s au titre de la propri\u00e9t\u00e9 intellectuelle et\/ou des bases de donn\u00e9es. Ils sont la propri\u00e9t\u00e9 de la Soci\u00e9t\u00e9 ou de ses partenaires.<\/p>\n<p>Toute utilisation, reproduction ou repr\u00e9sentation du Site ou des \u00e9l\u00e9ments qui le composent sont interdites et engagent la responsabilit\u00e9 de leur auteur, sauf accord pr\u00e9alable de la Soci\u00e9t\u00e9.<\/p>\n<p>&nbsp;<\/p>\n<p><strong>4. RESPONSABILIT\u00c9S<\/strong><\/p>\n<p>Nous nous r\u00e9servons la possibilit\u00e9, \u00e0 tout moment, de suspendre, d&#8217;interrompre ou de limiter sans pr\u00e9avis, l&#8217;acc\u00e8s \u00e0 tout ou partie du Site, ou d&#8217;en supprimer tout \u00e9l\u00e9ment.<\/p>\n<p>La responsabilit\u00e9 de la Soci\u00e9t\u00e9 ne saurait \u00eatre engag\u00e9e pour tous les dommages ou cons\u00e9quences r\u00e9sultant de l\u2019utilisation du r\u00e9seau internet, notamment en cas d\u2019op\u00e9ration de maintenance, de panne, d\u2019interruption, de d\u00e9faillance, de virus informatiques, d\u2019erreurs d\u2019affichage ou de t\u00e9l\u00e9chargement emp\u00eachant l&#8217;acc\u00e8s total ou partiel au Site.<\/p>\n<p>Vous reconnaissez que votre connexion au Site se fait sous votre seule responsabilit\u00e9 et qu&#8217;il vous revient de prendre les mesures n\u00e9cessaires afin de prot\u00e9ger vos donn\u00e9es. Vous reconnaissez \u00e9galement que la responsabilit\u00e9 de la Soci\u00e9t\u00e9 ne saurait \u00eatre engag\u00e9e du fait de tout dommage caus\u00e9 \u00e0 lui-m\u00eame, \u00e0 des tiers ainsi qu&#8217;\u00e0 votre (ou leur) \u00e9quipement du fait de l&#8217;utilisation du Site.<\/p>\n<p>Vous pouvez informer la Soci\u00e9t\u00e9 de toute erreur ou omission pr\u00e9sente sur le Site \u00e0 l&#8217;Adresse de Contact mentionn\u00e9e ci-dessus.<\/p>\n<p>&nbsp;<\/p>\n<p><strong>5. LIENS HYPERTEXTES<\/strong><\/p>\n<p>Nous d\u00e9clinons toute responsabilit\u00e9 quant \u00e0 votre utilisation des sites ou incapacit\u00e9 \u00e0 utiliser les sites vers lesquels le pr\u00e9sent Site offre des liens. Ces sites sont ind\u00e9pendants du pr\u00e9sent Site et nous n\u2019exer\u00e7ons aucun contr\u00f4le sur ces derniers.<\/p>\n<p>&nbsp;<\/p>\n<p><strong style=\"font-size: 16px;letter-spacing: 0.96px\">6. POLITIQUE DE CONFIDENTIALIT\u00c9<\/strong><\/p>\n<p>L&#8217;utilisation du Site implique l\u2019acceptation expresse et sans r\u00e9serve de la Politique de Confidentialit\u00e9 et de Gestion des Cookies dont les r\u00e8gles sont accessibles ici\u00a0: <a href=\"https:\/\/www.remymartin.com\/fr-fr\/privacy-policy\/\">https:\/\/www.remymartin.com\/fr-fr\/privacy-policy\/<\/a><\/p>\n<p>&nbsp;<\/p>\n<p><strong>7. LOI APPLICABLE<\/strong><\/p>\n<p>Les CGU et toutes les questions relatives au Site sont r\u00e9gies par la loi fran\u00e7aise. Sauf disposition l\u00e9gale imp\u00e9rative contraire, tout diff\u00e9rend concernant le contenu et l\u2019utilisation du Site, les CGU et leur interpr\u00e9tation, rel\u00e8ve de la comp\u00e9tence exclusive du tribunal comp\u00e9tent du ressort de la Cour d\u2019Appel de Paris, y compris en cas d\u2019appel en garantie, de pluralit\u00e9 de d\u00e9fendeurs ou de proc\u00e9dure en r\u00e9f\u00e9r\u00e9 ou sur requ\u00eate.<\/p>\n\n\t\t\t\t<\/div>\n\t\t\t<\/div>\n\t\t<\/div>\n\t<\/div>\n\t\t<\/div>\n\t<\/div>\n","protected":false},"excerpt":{"rendered":"<p>Welcome to the brand website of R\u00e9my Martin. By using this Site you are deemed to have accepted our Terms of Use without reserve.<\/p>\n","protected":false},"author":1,"featured_media":10000039532,"parent":0,"menu_order":0,"comment_status":"closed","ping_status":"closed","template":"","meta":{"_acf_changed":false,"editor_notices":[],"footnotes":""},"categories":[],"class_list":["post-938","page","type-page","status-publish","has-post-thumbnail","hentry"],"acf":[],"yoast_head":"<title>R\u00e9my Martin - Conditions g\u00e9n\u00e9rales d\u2019utilisation - France<\/title>\n<meta name=\"description\" content=\"Welcome to the brand website of R\u00e9my Martin. By using this Site you are deemed to have accepted our Terms of Use without reserve.\" \/>\n<meta name=\"robots\" content=\"index, follow, max-snippet:-1, max-image-preview:large, max-video-preview:-1\" \/>\n<link rel=\"canonical\" href=\"https:\/\/www.remymartin.com\/fr-fr\/terms-and-conditions\/\" \/>\n<meta property=\"og:locale\" content=\"fr_FR\" \/>\n<meta property=\"og:type\" content=\"article\" \/>\n<meta property=\"og:title\" content=\"R\u00e9my Martin \u2013 Conditions g\u00e9n\u00e9rales d\u2019utilisation\" \/>\n<meta property=\"og:description\" content=\"Bienvenue sur le site de la marque R\u00e9my Martin.\" \/>\n<meta property=\"og:url\" content=\"https:\/\/www.remymartin.com\/fr-fr\/terms-and-conditions\/\" \/>\n<meta property=\"og:site_name\" content=\"France\" \/>\n<meta property=\"article:publisher\" content=\"https:\/\/www.facebook.com\/RemyMartin\" \/>\n<meta property=\"article:modified_time\" content=\"2026-02-18T09:43:06+00:00\" \/>\n<meta property=\"og:image\" content=\"https:\/\/static-prod.remymartin.com\/app\/uploads\/2023\/05\/facebook-remy-martin-centaur-kv-2023-01-200x105.jpg\" \/>\n\t<meta property=\"og:image:width\" content=\"200\" \/>\n\t<meta property=\"og:image:height\" content=\"105\" \/>\n<meta name=\"twitter:card\" content=\"summary_large_image\" \/>\n<meta name=\"twitter:title\" content=\"R\u00e9my Martin \u2013 Conditions g\u00e9n\u00e9rales d\u2019utilisation\" \/>\n<meta name=\"twitter:description\" content=\"Bienvenue sur le site de la marque R\u00e9my Martin.\" \/>\n<meta name=\"twitter:site\" content=\"@RemyMartinUS\" \/>\n<script type=\"application\/ld+json\" class=\"yoast-schema-graph\">{\"@context\":\"https:\/\/schema.org\",\"@graph\":[{\"@type\":\"WebPage\",\"@id\":\"https:\/\/www.remymartin.com\/fr-fr\/terms-and-conditions\/\",\"url\":\"https:\/\/www.remymartin.com\/fr-fr\/terms-and-conditions\/\",\"name\":\"R\u00e9my Martin - Conditions g\u00e9n\u00e9rales d\u2019utilisation - France\",\"isPartOf\":{\"@id\":\"https:\/\/www.remymartin.com\/fr-fr\/#website\"},\"primaryImageOfPage\":{\"@id\":\"https:\/\/www.remymartin.com\/fr-fr\/terms-and-conditions\/#primaryimage\"},\"image\":{\"@id\":\"https:\/\/www.remymartin.com\/fr-fr\/terms-and-conditions\/#primaryimage\"},\"thumbnailUrl\":\"https:\/\/static-prod.remymartin.com\/app\/uploads\/2023\/05\/featured-remy-martin-centaur-2023-01.jpg\",\"datePublished\":\"2021-02-01T09:06:34+00:00\",\"dateModified\":\"2026-02-18T09:43:06+00:00\",\"description\":\"Welcome to the brand website of R\u00e9my Martin. By using this Site you are deemed to have accepted our Terms of Use without reserve.\",\"inLanguage\":\"fr-FR\",\"potentialAction\":[{\"@type\":\"ReadAction\",\"target\":[\"https:\/\/www.remymartin.com\/fr-fr\/terms-and-conditions\/\"]}]},{\"@type\":\"ImageObject\",\"inLanguage\":\"fr-FR\",\"@id\":\"https:\/\/www.remymartin.com\/fr-fr\/terms-and-conditions\/#primaryimage\",\"url\":\"https:\/\/static-prod.remymartin.com\/app\/uploads\/2023\/05\/featured-remy-martin-centaur-2023-01.jpg\",\"contentUrl\":\"https:\/\/static-prod.remymartin.com\/app\/uploads\/2023\/05\/featured-remy-martin-centaur-2023-01.jpg\"},{\"@type\":\"WebSite\",\"@id\":\"https:\/\/www.remymartin.com\/fr-fr\/#website\",\"url\":\"https:\/\/www.remymartin.com\/fr-fr\/\",\"name\":\"France\",\"description\":\"R\u00e9my Martin France\",\"publisher\":{\"@id\":\"https:\/\/www.remymartin.com\/fr-fr\/#organization\"},\"inLanguage\":\"fr-FR\"},{\"@type\":\"Organization\",\"@id\":\"https:\/\/www.remymartin.com\/fr-fr\/#organization\",\"name\":\"R\u00e9my Martin\",\"url\":\"https:\/\/www.remymartin.com\/fr-fr\/\",\"logo\":{\"@type\":\"ImageObject\",\"inLanguage\":\"fr-FR\",\"@id\":\"https:\/\/www.remymartin.com\/fr-fr\/#\/schema\/logo\/image\/\",\"url\":\"https:\/\/static-prod.remymartin.com\/app\/uploads\/sites\/3\/2021\/01\/remy-martin-logo-black.png\",\"contentUrl\":\"https:\/\/static-prod.remymartin.com\/app\/uploads\/sites\/3\/2021\/01\/remy-martin-logo-black.png\",\"width\":500,\"height\":95,\"caption\":\"R\u00e9my Martin\"},\"image\":{\"@id\":\"https:\/\/www.remymartin.com\/fr-fr\/#\/schema\/logo\/image\/\"},\"sameAs\":[\"https:\/\/www.facebook.com\/RemyMartin\",\"https:\/\/x.com\/RemyMartinUS\",\"https:\/\/www.instagram.com\/remymartin\/\",\"https:\/\/www.youtube.com\/user\/officialremymartin\",\"https:\/\/en.wikipedia.org\/wiki\/R\u00e9my_Martin\"]}]}<\/script>","yoast_head_json":{"title":"R\u00e9my Martin - Conditions g\u00e9n\u00e9rales d\u2019utilisation - France","description":"Welcome to the brand website of R\u00e9my Martin. By using this Site you are deemed to have accepted our Terms of Use without reserve.","robots":{"index":"index","follow":"follow","max-snippet":"max-snippet:-1","max-image-preview":"max-image-preview:large","max-video-preview":"max-video-preview:-1"},"canonical":"https:\/\/www.remymartin.com\/fr-fr\/terms-and-conditions\/","og_locale":"fr_FR","og_type":"article","og_title":"R\u00e9my Martin \u2013 Conditions g\u00e9n\u00e9rales d\u2019utilisation","og_description":"Bienvenue sur le site de la marque R\u00e9my Martin.","og_url":"https:\/\/www.remymartin.com\/fr-fr\/terms-and-conditions\/","og_site_name":"France","article_publisher":"https:\/\/www.facebook.com\/RemyMartin","article_modified_time":"2026-02-18T09:43:06+00:00","og_image":[{"url":"https:\/\/static-prod.remymartin.com\/app\/uploads\/2023\/05\/facebook-remy-martin-centaur-kv-2023-01-200x105.jpg","width":200,"height":105,"type":""}],"twitter_card":"summary_large_image","twitter_title":"R\u00e9my Martin \u2013 Conditions g\u00e9n\u00e9rales d\u2019utilisation","twitter_description":"Bienvenue sur le site de la marque R\u00e9my Martin.","twitter_site":"@RemyMartinUS","schema":{"@context":"https:\/\/schema.org","@graph":[{"@type":"WebPage","@id":"https:\/\/www.remymartin.com\/fr-fr\/terms-and-conditions\/","url":"https:\/\/www.remymartin.com\/fr-fr\/terms-and-conditions\/","name":"R\u00e9my Martin - Conditions g\u00e9n\u00e9rales d\u2019utilisation - France","isPartOf":{"@id":"https:\/\/www.remymartin.com\/fr-fr\/#website"},"primaryImageOfPage":{"@id":"https:\/\/www.remymartin.com\/fr-fr\/terms-and-conditions\/#primaryimage"},"image":{"@id":"https:\/\/www.remymartin.com\/fr-fr\/terms-and-conditions\/#primaryimage"},"thumbnailUrl":"https:\/\/static-prod.remymartin.com\/app\/uploads\/2023\/05\/featured-remy-martin-centaur-2023-01.jpg","datePublished":"2021-02-01T09:06:34+00:00","dateModified":"2026-02-18T09:43:06+00:00","description":"Welcome to the brand website of R\u00e9my Martin. By using this Site you are deemed to have accepted our Terms of Use without reserve.","inLanguage":"fr-FR","potentialAction":[{"@type":"ReadAction","target":["https:\/\/www.remymartin.com\/fr-fr\/terms-and-conditions\/"]}]},{"@type":"ImageObject","inLanguage":"fr-FR","@id":"https:\/\/www.remymartin.com\/fr-fr\/terms-and-conditions\/#primaryimage","url":"https:\/\/static-prod.remymartin.com\/app\/uploads\/2023\/05\/featured-remy-martin-centaur-2023-01.jpg","contentUrl":"https:\/\/static-prod.remymartin.com\/app\/uploads\/2023\/05\/featured-remy-martin-centaur-2023-01.jpg"},{"@type":"WebSite","@id":"https:\/\/www.remymartin.com\/fr-fr\/#website","url":"https:\/\/www.remymartin.com\/fr-fr\/","name":"France","description":"R\u00e9my Martin France","publisher":{"@id":"https:\/\/www.remymartin.com\/fr-fr\/#organization"},"inLanguage":"fr-FR"},{"@type":"Organization","@id":"https:\/\/www.remymartin.com\/fr-fr\/#organization","name":"R\u00e9my Martin","url":"https:\/\/www.remymartin.com\/fr-fr\/","logo":{"@type":"ImageObject","inLanguage":"fr-FR","@id":"https:\/\/www.remymartin.com\/fr-fr\/#\/schema\/logo\/image\/","url":"https:\/\/static-prod.remymartin.com\/app\/uploads\/sites\/3\/2021\/01\/remy-martin-logo-black.png","contentUrl":"https:\/\/static-prod.remymartin.com\/app\/uploads\/sites\/3\/2021\/01\/remy-martin-logo-black.png","width":500,"height":95,"caption":"R\u00e9my Martin"},"image":{"@id":"https:\/\/www.remymartin.com\/fr-fr\/#\/schema\/logo\/image\/"},"sameAs":["https:\/\/www.facebook.com\/RemyMartin","https:\/\/x.com\/RemyMartinUS","https:\/\/www.instagram.com\/remymartin\/","https:\/\/www.youtube.com\/user\/officialremymartin","https:\/\/en.wikipedia.org\/wiki\/R\u00e9my_Martin"]}]}},"_links":{"self":[{"href":"https:\/\/www.remymartin.com\/fr-fr\/wp-json\/wp\/v2\/pages\/938","targetHints":{"allow":["GET"]}}],"collection":[{"href":"https:\/\/www.remymartin.com\/fr-fr\/wp-json\/wp\/v2\/pages"}],"about":[{"href":"https:\/\/www.remymartin.com\/fr-fr\/wp-json\/wp\/v2\/types\/page"}],"author":[{"embeddable":true,"href":"https:\/\/www.remymartin.com\/fr-fr\/wp-json\/wp\/v2\/users\/1"}],"replies":[{"embeddable":true,"href":"https:\/\/www.remymartin.com\/fr-fr\/wp-json\/wp\/v2\/comments?post=938"}],"version-history":[{"count":2,"href":"https:\/\/www.remymartin.com\/fr-fr\/wp-json\/wp\/v2\/pages\/938\/revisions"}],"predecessor-version":[{"id":14444,"href":"https:\/\/www.remymartin.com\/fr-fr\/wp-json\/wp\/v2\/pages\/938\/revisions\/14444"}],"wp:featuredmedia":[{"embeddable":true,"href":"https:\/\/www.remymartin.com\/fr-fr\/wp-json\/"}],"wp:attachment":[{"href":"https:\/\/www.remymartin.com\/fr-fr\/wp-json\/wp\/v2\/media?parent=938"}],"wp:term":[{"taxonomy":"category","embeddable":true,"href":"https:\/\/www.remymartin.com\/fr-fr\/wp-json\/wp\/v2\/categories?post=938"}],"curies":[{"name":"wp","href":"https:\/\/api.w.org\/{rel}","templated":true}]}}