{"id":937,"date":"2021-02-01T10:05:34","date_gmt":"2021-02-01T09:05:34","guid":{"rendered":"https:\/\/www.remymartin.com\/fr-fr\/privacy-policy-2\/"},"modified":"2025-04-28T09:12:20","modified_gmt":"2025-04-28T07:12:20","slug":"privacy-policy","status":"publish","type":"page","link":"https:\/\/www.remymartin.com\/fr-fr\/privacy-policy\/","title":{"rendered":"Politique de Confidentialit\u00e9"},"content":{"rendered":"<!-- OneTrust Privacy Notice start -->\n<!-- Container in which the privacy notice will be rendered -->\n<section class=\"rm-pp\" data-module=\"legal\/onetrust-privacy-policy\/OnetrustPrivacyPolicy\">\n\t<div class=\"offset-wrapper\">\n\t\t<div class=\"copy-news\">\n\t\t\t<div class=\"container\">\n\t\t\t\t<div class=\"row\">\n\t\t\t\t\t<div class=\"col-12 offset-md-2 col-md-8\">\n\t\t\t\t\t\t<div id=\"otnotice-b231643a-338d-4bd3-a655-92517f2565fa\" class=\"otnotice\"><\/div>\n\t\t\t\t\t<\/div>\n\t\t\t\t<\/div>\n\t\t\t<\/div>\n\t\t<\/div>\n\t<\/div>\n<\/section>\n<script src=\"https:\/\/privacyportalde-cdn.onetrust.com\/privacy-notice-scripts\/otnotice-1.0.min.js\" type=\"text\/javascript\"\n\t\tcharset=\"UTF-8\" id=\"otprivacy-notice-script\">\n\tsettings = \"eyJjYWxsYmFja1VybCI6Imh0dHBzOi8vcHJpdmFjeXBvcnRhbC1kZS5vbmV0cnVzdC5jb20vcmVxdWVzdC92MS9wcml2YWN5Tm90aWNlcy9zdGF0cy92aWV3cyJ9\"\n<\/script>\n<script type=\"text\/javascript\" charset=\"UTF-8\">\n\t\/\/ To ensure external settings are loaded, use the Initialized promise:\n\tOneTrust.NoticeApi.Initialized.then(function () {\n\t\tOneTrust.NoticeApi.LoadNotices(['https:\/\/privacyportalde-cdn.onetrust.com\/42d99e0c-4f88-4461-961d-837bee566fc9\/privacy-notices\/b231643a-338d-4bd3-a655-92517f2565fa.json']);\n\t});\n<\/script>\n<!-- OneTrust Privacy Notice end -->\n","protected":false},"excerpt":{"rendered":"<p>Notre Politique de confidentialit\u00e9 d\u00e9taille la mani\u00e8re dont nous collectons, utilisons et prot\u00e9geons les informations ayant trait au site Internet et aux services num\u00e9riques de R\u00e9my Martin.<\/p>\n","protected":false},"author":1,"featured_media":10000039532,"parent":0,"menu_order":0,"comment_status":"closed","ping_status":"closed","template":"","meta":{"_acf_changed":false,"editor_notices":[],"footnotes":""},"categories":[],"class_list":["post-937","page","type-page","status-publish","has-post-thumbnail","hentry"],"acf":[],"yoast_head":"<title>R\u00e9my Martin - Politique de Confidentialit\u00e9 - France<\/title>\n<meta name=\"description\" content=\"Notre Politique de confidentialit\u00e9 d\u00e9taille la mani\u00e8re dont nous collectons, utilisons et prot\u00e9geons les informations ayant trait au site Internet et aux services num\u00e9riques de R\u00e9my Martin.\" \/>\n<meta name=\"robots\" content=\"index, follow, max-snippet:-1, max-image-preview:large, max-video-preview:-1\" \/>\n<link rel=\"canonical\" href=\"https:\/\/www.remymartin.com\/fr-fr\/privacy-policy\/\" \/>\n<meta property=\"og:locale\" content=\"fr_FR\" \/>\n<meta property=\"og:type\" content=\"article\" \/>\n<meta property=\"og:title\" content=\"R\u00e9my Martin \u2013 Politique de Confidentialit\u00e9\" \/>\n<meta property=\"og:description\" content=\"Notre Politique de confidentialit\u00e9 d\u00e9taille la mani\u00e8re dont nous collectons, utilisons et prot\u00e9geons les informations ayant trait au site Internet et aux services num\u00e9riques de R\u00e9my Martin.\" \/>\n<meta property=\"og:url\" content=\"https:\/\/www.remymartin.com\/fr-fr\/privacy-policy\/\" \/>\n<meta property=\"og:site_name\" content=\"France\" \/>\n<meta property=\"article:publisher\" content=\"https:\/\/www.facebook.com\/RemyMartin\" \/>\n<meta property=\"article:modified_time\" content=\"2025-04-28T07:12:20+00:00\" \/>\n<meta property=\"og:image\" content=\"https:\/\/static-prod.remymartin.com\/app\/uploads\/2023\/05\/facebook-remy-martin-centaur-kv-2023-01-200x105.jpg\" \/>\n\t<meta property=\"og:image:width\" content=\"200\" \/>\n\t<meta property=\"og:image:height\" content=\"105\" \/>\n<meta name=\"twitter:card\" content=\"summary_large_image\" \/>\n<meta name=\"twitter:title\" content=\"R\u00e9my Martin \u2013 Politique de Confidentialit\u00e9\" \/>\n<meta name=\"twitter:description\" content=\"Notre Politique de confidentialit\u00e9 d\u00e9taille la mani\u00e8re dont nous collectons, utilisons et prot\u00e9geons les informations ayant trait au site Internet et aux services num\u00e9riques de R\u00e9my Martin.\" \/>\n<meta name=\"twitter:site\" content=\"@RemyMartinUS\" \/>\n<script type=\"application\/ld+json\" class=\"yoast-schema-graph\">{\"@context\":\"https:\/\/schema.org\",\"@graph\":[{\"@type\":\"WebPage\",\"@id\":\"https:\/\/www.remymartin.com\/fr-fr\/privacy-policy\/\",\"url\":\"https:\/\/www.remymartin.com\/fr-fr\/privacy-policy\/\",\"name\":\"R\u00e9my Martin - Politique de Confidentialit\u00e9 - France\",\"isPartOf\":{\"@id\":\"https:\/\/www.remymartin.com\/fr-fr\/#website\"},\"primaryImageOfPage\":{\"@id\":\"https:\/\/www.remymartin.com\/fr-fr\/privacy-policy\/#primaryimage\"},\"image\":{\"@id\":\"https:\/\/www.remymartin.com\/fr-fr\/privacy-policy\/#primaryimage\"},\"thumbnailUrl\":\"https:\/\/static-prod.remymartin.com\/app\/uploads\/2023\/05\/featured-remy-martin-centaur-2023-01.jpg\",\"datePublished\":\"2021-02-01T09:05:34+00:00\",\"dateModified\":\"2025-04-28T07:12:20+00:00\",\"description\":\"Notre Politique de confidentialit\u00e9 d\u00e9taille la mani\u00e8re dont nous collectons, utilisons et prot\u00e9geons les informations ayant trait au site Internet et aux services num\u00e9riques de R\u00e9my Martin.\",\"inLanguage\":\"fr-FR\",\"potentialAction\":[{\"@type\":\"ReadAction\",\"target\":[\"https:\/\/www.remymartin.com\/fr-fr\/privacy-policy\/\"]}]},{\"@type\":\"ImageObject\",\"inLanguage\":\"fr-FR\",\"@id\":\"https:\/\/www.remymartin.com\/fr-fr\/privacy-policy\/#primaryimage\",\"url\":\"https:\/\/static-prod.remymartin.com\/app\/uploads\/2023\/05\/featured-remy-martin-centaur-2023-01.jpg\",\"contentUrl\":\"https:\/\/static-prod.remymartin.com\/app\/uploads\/2023\/05\/featured-remy-martin-centaur-2023-01.jpg\"},{\"@type\":\"WebSite\",\"@id\":\"https:\/\/www.remymartin.com\/fr-fr\/#website\",\"url\":\"https:\/\/www.remymartin.com\/fr-fr\/\",\"name\":\"France\",\"description\":\"R\u00e9my Martin France\",\"publisher\":{\"@id\":\"https:\/\/www.remymartin.com\/fr-fr\/#organization\"},\"inLanguage\":\"fr-FR\"},{\"@type\":\"Organization\",\"@id\":\"https:\/\/www.remymartin.com\/fr-fr\/#organization\",\"name\":\"R\u00e9my Martin\",\"url\":\"https:\/\/www.remymartin.com\/fr-fr\/\",\"logo\":{\"@type\":\"ImageObject\",\"inLanguage\":\"fr-FR\",\"@id\":\"https:\/\/www.remymartin.com\/fr-fr\/#\/schema\/logo\/image\/\",\"url\":\"https:\/\/static-prod.remymartin.com\/app\/uploads\/sites\/3\/2021\/01\/remy-martin-logo-black.png\",\"contentUrl\":\"https:\/\/static-prod.remymartin.com\/app\/uploads\/sites\/3\/2021\/01\/remy-martin-logo-black.png\",\"width\":500,\"height\":95,\"caption\":\"R\u00e9my Martin\"},\"image\":{\"@id\":\"https:\/\/www.remymartin.com\/fr-fr\/#\/schema\/logo\/image\/\"},\"sameAs\":[\"https:\/\/www.facebook.com\/RemyMartin\",\"https:\/\/x.com\/RemyMartinUS\",\"https:\/\/www.instagram.com\/remymartin\/\",\"https:\/\/www.youtube.com\/user\/officialremymartin\",\"https:\/\/en.wikipedia.org\/wiki\/R\u00e9my_Martin\"]}]}<\/script>","yoast_head_json":{"title":"R\u00e9my Martin - Politique de Confidentialit\u00e9 - France","description":"Notre Politique de confidentialit\u00e9 d\u00e9taille la mani\u00e8re dont nous collectons, utilisons et prot\u00e9geons les informations ayant trait au site Internet et aux services num\u00e9riques de R\u00e9my Martin.","robots":{"index":"index","follow":"follow","max-snippet":"max-snippet:-1","max-image-preview":"max-image-preview:large","max-video-preview":"max-video-preview:-1"},"canonical":"https:\/\/www.remymartin.com\/fr-fr\/privacy-policy\/","og_locale":"fr_FR","og_type":"article","og_title":"R\u00e9my Martin \u2013 Politique de Confidentialit\u00e9","og_description":"Notre Politique de confidentialit\u00e9 d\u00e9taille la mani\u00e8re dont nous collectons, utilisons et prot\u00e9geons les informations ayant trait au site Internet et aux services num\u00e9riques de R\u00e9my Martin.","og_url":"https:\/\/www.remymartin.com\/fr-fr\/privacy-policy\/","og_site_name":"France","article_publisher":"https:\/\/www.facebook.com\/RemyMartin","article_modified_time":"2025-04-28T07:12:20+00:00","og_image":[{"url":"https:\/\/static-prod.remymartin.com\/app\/uploads\/2023\/05\/facebook-remy-martin-centaur-kv-2023-01-200x105.jpg","width":200,"height":105,"type":""}],"twitter_card":"summary_large_image","twitter_title":"R\u00e9my Martin \u2013 Politique de Confidentialit\u00e9","twitter_description":"Notre Politique de confidentialit\u00e9 d\u00e9taille la mani\u00e8re dont nous collectons, utilisons et prot\u00e9geons les informations ayant trait au site Internet et aux services num\u00e9riques de R\u00e9my Martin.","twitter_site":"@RemyMartinUS","schema":{"@context":"https:\/\/schema.org","@graph":[{"@type":"WebPage","@id":"https:\/\/www.remymartin.com\/fr-fr\/privacy-policy\/","url":"https:\/\/www.remymartin.com\/fr-fr\/privacy-policy\/","name":"R\u00e9my Martin - Politique de Confidentialit\u00e9 - France","isPartOf":{"@id":"https:\/\/www.remymartin.com\/fr-fr\/#website"},"primaryImageOfPage":{"@id":"https:\/\/www.remymartin.com\/fr-fr\/privacy-policy\/#primaryimage"},"image":{"@id":"https:\/\/www.remymartin.com\/fr-fr\/privacy-policy\/#primaryimage"},"thumbnailUrl":"https:\/\/static-prod.remymartin.com\/app\/uploads\/2023\/05\/featured-remy-martin-centaur-2023-01.jpg","datePublished":"2021-02-01T09:05:34+00:00","dateModified":"2025-04-28T07:12:20+00:00","description":"Notre Politique de confidentialit\u00e9 d\u00e9taille la mani\u00e8re dont nous collectons, utilisons et prot\u00e9geons les informations ayant trait au site Internet et aux services num\u00e9riques de R\u00e9my Martin.","inLanguage":"fr-FR","potentialAction":[{"@type":"ReadAction","target":["https:\/\/www.remymartin.com\/fr-fr\/privacy-policy\/"]}]},{"@type":"ImageObject","inLanguage":"fr-FR","@id":"https:\/\/www.remymartin.com\/fr-fr\/privacy-policy\/#primaryimage","url":"https:\/\/static-prod.remymartin.com\/app\/uploads\/2023\/05\/featured-remy-martin-centaur-2023-01.jpg","contentUrl":"https:\/\/static-prod.remymartin.com\/app\/uploads\/2023\/05\/featured-remy-martin-centaur-2023-01.jpg"},{"@type":"WebSite","@id":"https:\/\/www.remymartin.com\/fr-fr\/#website","url":"https:\/\/www.remymartin.com\/fr-fr\/","name":"France","description":"R\u00e9my Martin France","publisher":{"@id":"https:\/\/www.remymartin.com\/fr-fr\/#organization"},"inLanguage":"fr-FR"},{"@type":"Organization","@id":"https:\/\/www.remymartin.com\/fr-fr\/#organization","name":"R\u00e9my Martin","url":"https:\/\/www.remymartin.com\/fr-fr\/","logo":{"@type":"ImageObject","inLanguage":"fr-FR","@id":"https:\/\/www.remymartin.com\/fr-fr\/#\/schema\/logo\/image\/","url":"https:\/\/static-prod.remymartin.com\/app\/uploads\/sites\/3\/2021\/01\/remy-martin-logo-black.png","contentUrl":"https:\/\/static-prod.remymartin.com\/app\/uploads\/sites\/3\/2021\/01\/remy-martin-logo-black.png","width":500,"height":95,"caption":"R\u00e9my Martin"},"image":{"@id":"https:\/\/www.remymartin.com\/fr-fr\/#\/schema\/logo\/image\/"},"sameAs":["https:\/\/www.facebook.com\/RemyMartin","https:\/\/x.com\/RemyMartinUS","https:\/\/www.instagram.com\/remymartin\/","https:\/\/www.youtube.com\/user\/officialremymartin","https:\/\/en.wikipedia.org\/wiki\/R\u00e9my_Martin"]}]}},"_links":{"self":[{"href":"https:\/\/www.remymartin.com\/fr-fr\/wp-json\/wp\/v2\/pages\/937","targetHints":{"allow":["GET"]}}],"collection":[{"href":"https:\/\/www.remymartin.com\/fr-fr\/wp-json\/wp\/v2\/pages"}],"about":[{"href":"https:\/\/www.remymartin.com\/fr-fr\/wp-json\/wp\/v2\/types\/page"}],"author":[{"embeddable":true,"href":"https:\/\/www.remymartin.com\/fr-fr\/wp-json\/wp\/v2\/users\/1"}],"replies":[{"embeddable":true,"href":"https:\/\/www.remymartin.com\/fr-fr\/wp-json\/wp\/v2\/comments?post=937"}],"version-history":[{"count":2,"href":"https:\/\/www.remymartin.com\/fr-fr\/wp-json\/wp\/v2\/pages\/937\/revisions"}],"predecessor-version":[{"id":12916,"href":"https:\/\/www.remymartin.com\/fr-fr\/wp-json\/wp\/v2\/pages\/937\/revisions\/12916"}],"wp:featuredmedia":[{"embeddable":true,"href":"https:\/\/www.remymartin.com\/fr-fr\/wp-json\/"}],"wp:attachment":[{"href":"https:\/\/www.remymartin.com\/fr-fr\/wp-json\/wp\/v2\/media?parent=937"}],"wp:term":[{"taxonomy":"category","embeddable":true,"href":"https:\/\/www.remymartin.com\/fr-fr\/wp-json\/wp\/v2\/categories?post=937"}],"curies":[{"name":"wp","href":"https:\/\/api.w.org\/{rel}","templated":true}]}}