{"id":12526,"date":"2025-03-14T17:20:58","date_gmt":"2025-03-14T16:20:58","guid":{"rendered":"https:\/\/www.remymartin.com\/fr-fr\/?page_id=12526"},"modified":"2026-03-16T09:46:03","modified_gmt":"2026-03-16T08:46:03","slug":"accessibility-schema-pluriannuel","status":"publish","type":"page","link":"https:\/\/www.remymartin.com\/fr-fr\/accessibility-schema-pluriannuel\/","title":{"rendered":"Accessibility &#8211; Sch\u00e9ma Pluriannuel de Mise en Accessibilit\u00e9 Num\u00e9rique Provisoire"},"content":{"rendered":"<div class=\"section  alignfull\" style=\"\" id=\"headline-copy-big-block_3a086e1cda596d9ab305dde282848eed\">\n\t\t<div class=\"offset-wrapper\" style=\"margin-top: 10vh; margin-bottom: 0vh;\">\n\t\t<div class=\"headline-copy-big\">\n\t\t<div class=\"container\">\n\t\t\t\t\t\t<div class=\"row justify-content-center align-center text-center\">\n\t\t\t\t<div class=\"col-12 col-md-10 col-lg-6\">\n\t\t\t\t\t\t\t\t<div >\n\t\t\t\t\t\t\t\t\t\t\t\t<h1 class=\"light h6\">13\/03\/2025<\/h1>\n\t\t\t\t\t\t\t\t\t\t\t\t<h2>Sch\u00e9ma Pluriannuel de Mise en Accessibilit\u00e9 Num\u00e9rique Provisoire<\/h2>\n\t\t\t\t\t\t<p class=\"m-t-20\"><\/p>\n\t\t\t\t\t<\/div>\n\t\t\t\t<\/div>\n\t\t\t<\/div>\n\t\t<\/div>\n\t<\/div>\n\t\t<\/div>\n\t<\/div>\n\n\n<div class=\"section\" id=\"copy-news-block_3bffb9646c2e45d402ee4c8784a3577b\">\n\t\t<div class=\"copy-news\">\n\t\t<div class=\"container\">\n\t\t\t<div class=\"row\">\n\t\t\t\t<div class=\"col-12 offset-md-2 col-md-8\">\n\t\t\t\t\t<h1>1. Introduction<\/h1>\n<p>Ce document pr\u00e9sente le sch\u00e9ma pluriannuel de mise en accessibilit\u00e9 num\u00e9rique de R\u00e9my Martin, couvrant une p\u00e9riode de 3 ans.<\/p>\n<p>L&#8217;objectif est de garantir l&#8217;accessibilit\u00e9 des services num\u00e9riques \u00e0 tous les utilisateurs, y compris les personnes en situation de handicap.<\/p>\n<p>&nbsp;<\/p>\n<h2>2. Engagement et Politique d\u2019Accessibilit\u00e9<\/h2>\n<p>R\u00e9my Martin s&#8217;engage \u00e0 int\u00e9grer progressivement l&#8217;accessibilit\u00e9 num\u00e9rique dans ses services en ligne.<\/p>\n<p>C\u2019est pourquoi nous nous engageons \u00e0 compl\u00e9ter ce sch\u00e9ma pluriannuel en respectant et suivant les 9 th\u00e9matiques n\u00e9cessaires \u00e0 sa pleine conception, \u00e0 savoir :<\/p>\n<ol>\n<li>Strat\u00e9gie<\/li>\n<li>R\u00e9f\u00e9rent<\/li>\n<li>Ressources<\/li>\n<li>Fiche de poste<\/li>\n<li>Formation<\/li>\n<li>Gouvernance<\/li>\n<li>Achat<\/li>\n<li>Projet digitaux<\/li>\n<li>le bilan des plans d\u2019actions annuels<\/li>\n<\/ol>\n<p>&nbsp;<\/p>\n<h2>3. Mise en Conformit\u00e9<\/h2>\n<h3>Nouveaux Projets et Conformit\u00e9<\/h3>\n<ul>\n<li><strong>Nouveaux Projets<\/strong> : L&#8217;accessibilit\u00e9 est prise en compte d\u00e8s la conception des nouveaux projets.<\/li>\n<li><strong>Tests Utilisateurs<\/strong> : Des utilisateurs en situation de handicap seront invit\u00e9s \u00e0 participer aux tests utilisateurs lorsque cela est possible.<\/li>\n<\/ul>\n<h3>Correctifs et Am\u00e9liorations<\/h3>\n<ul>\n<li><strong>Mesures correctives<\/strong> : Les audits identifient les contenus non conformes, et un calendrier de correction est \u00e9tabli pour am\u00e9liorer l&#8217;exp\u00e9rience utilisateur.<\/li>\n<\/ul>\n<p>&nbsp;<\/p>\n<h1>4. Plans d&#8217;Actions et Suivi<\/h1>\n<ul>\n<li><strong>Plan d\u2019Actions Annuel<\/strong> : Un plan d&#8217;actions est d\u00e9fini chaque ann\u00e9e pour garantir l&#8217;am\u00e9lioration continue des services.<\/li>\n<li><strong>Suivi des Progr\u00e8s<\/strong> : Un bilan annuel est r\u00e9alis\u00e9 pour \u00e9valuer l&#8217;\u00e9tat de l&#8217;accessibilit\u00e9 et d\u00e9finir les priorit\u00e9s de l&#8217;ann\u00e9e suivante.<\/li>\n<\/ul>\n<p>&nbsp;<\/p>\n<h2>Tableau : Plan d&#8217;Action de l&#8217;Ann\u00e9e en Cours<\/h2>\n<table width=\"600\">\n<tbody>\n<tr>\n<td width=\"376\">Action<\/td>\n<td width=\"224\">Statut<\/td>\n<\/tr>\n<tr>\n<td width=\"376\">Publication de la D\u00e9claration d\u2019accessibilit\u00e9 provisoire : R\u00e9my Martin<\/td>\n<td width=\"224\">Termin\u00e9<\/td>\n<\/tr>\n<tr>\n<td width=\"376\">Installation d\u2019Accesswidget : Interface intelligente d\u2019accessibilit\u00e9 : https:\/\/www.remymartin.com\/fr-fr\/<\/td>\n<td width=\"224\">Termin\u00e9<\/td>\n<\/tr>\n<tr>\n<td width=\"376\">Audit d\u2019accessibilit\u00e9 num\u00e9rique : https:\/\/www.remymartin.com\/fr-fr\/<\/td>\n<td width=\"224\">Termin\u00e9<\/td>\n<\/tr>\n<tr>\n<td width=\"376\">Publication de la D\u00e9claration d\u2019accessibilit\u00e9 compl\u00e9t\u00e9e :<\/p>\n<p>https:\/\/www.remymartin.com\/fr-fr\/<\/td>\n<td width=\"224\">Termin\u00e9<\/td>\n<\/tr>\n<tr>\n<td width=\"376\">R\u00e9daction compl\u00e8te du sch\u00e9ma pluriannuel<\/td>\n<td width=\"224\">Termin\u00e9<\/td>\n<\/tr>\n<\/tbody>\n<\/table>\n<h2><\/h2>\n<p>&nbsp;<\/p>\n<h2>5. Conclusion<\/h2>\n<p>R\u00e9my Martin s&#8217;engage \u00e0 assurer l&#8217;am\u00e9lioration continue de l&#8217;accessibilit\u00e9 num\u00e9rique pour offrir une exp\u00e9rience inclusive \u00e0 tous ses utilisateurs.<\/p>\n\n\t\t\t\t<\/div>\n\t\t\t<\/div>\n\t\t<\/div>\n\t<\/div>\n\t<\/div>\n","protected":false},"excerpt":{"rendered":"","protected":false},"author":153,"featured_media":0,"parent":0,"menu_order":0,"comment_status":"closed","ping_status":"closed","template":"","meta":{"_acf_changed":false,"editor_notices":[],"footnotes":""},"categories":[],"class_list":["post-12526","page","type-page","status-publish","hentry"],"acf":[],"yoast_head":"<title>R\u00e9my Martin - Accessibility - Sch\u00e9ma Pluriannuel de Mise en Accessibilit\u00e9 Num\u00e9rique Provisoire - France<\/title>\n<meta name=\"robots\" content=\"index, follow, max-snippet:-1, max-image-preview:large, max-video-preview:-1\" \/>\n<link rel=\"canonical\" href=\"https:\/\/www.remymartin.com\/fr-fr\/accessibility-schema-pluriannuel\/\" \/>\n<meta property=\"og:locale\" content=\"fr_FR\" \/>\n<meta property=\"og:type\" content=\"article\" \/>\n<meta property=\"og:title\" content=\"R\u00e9my Martin - Accessibility - Sch\u00e9ma Pluriannuel de Mise en Accessibilit\u00e9 Num\u00e9rique Provisoire - France\" \/>\n<meta property=\"og:url\" content=\"https:\/\/www.remymartin.com\/fr-fr\/accessibility-schema-pluriannuel\/\" \/>\n<meta property=\"og:site_name\" content=\"France\" \/>\n<meta property=\"article:publisher\" content=\"https:\/\/www.facebook.com\/RemyMartin\" \/>\n<meta property=\"article:modified_time\" content=\"2026-03-16T08:46:03+00:00\" \/>\n<meta name=\"twitter:card\" content=\"summary_large_image\" \/>\n<meta name=\"twitter:site\" content=\"@RemyMartinUS\" \/>\n<script type=\"application\/ld+json\" class=\"yoast-schema-graph\">{\"@context\":\"https:\/\/schema.org\",\"@graph\":[{\"@type\":\"WebPage\",\"@id\":\"https:\/\/www.remymartin.com\/fr-fr\/accessibility-schema-pluriannuel\/\",\"url\":\"https:\/\/www.remymartin.com\/fr-fr\/accessibility-schema-pluriannuel\/\",\"name\":\"R\u00e9my Martin - Accessibility - Sch\u00e9ma Pluriannuel de Mise en Accessibilit\u00e9 Num\u00e9rique Provisoire - France\",\"isPartOf\":{\"@id\":\"https:\/\/www.remymartin.com\/fr-fr\/#website\"},\"datePublished\":\"2025-03-14T16:20:58+00:00\",\"dateModified\":\"2026-03-16T08:46:03+00:00\",\"inLanguage\":\"fr-FR\",\"potentialAction\":[{\"@type\":\"ReadAction\",\"target\":[\"https:\/\/www.remymartin.com\/fr-fr\/accessibility-schema-pluriannuel\/\"]}]},{\"@type\":\"WebSite\",\"@id\":\"https:\/\/www.remymartin.com\/fr-fr\/#website\",\"url\":\"https:\/\/www.remymartin.com\/fr-fr\/\",\"name\":\"France\",\"description\":\"R\u00e9my Martin France\",\"publisher\":{\"@id\":\"https:\/\/www.remymartin.com\/fr-fr\/#organization\"},\"inLanguage\":\"fr-FR\"},{\"@type\":\"Organization\",\"@id\":\"https:\/\/www.remymartin.com\/fr-fr\/#organization\",\"name\":\"R\u00e9my Martin\",\"url\":\"https:\/\/www.remymartin.com\/fr-fr\/\",\"logo\":{\"@type\":\"ImageObject\",\"inLanguage\":\"fr-FR\",\"@id\":\"https:\/\/www.remymartin.com\/fr-fr\/#\/schema\/logo\/image\/\",\"url\":\"https:\/\/static-prod.remymartin.com\/app\/uploads\/sites\/3\/2021\/01\/remy-martin-logo-black.png\",\"contentUrl\":\"https:\/\/static-prod.remymartin.com\/app\/uploads\/sites\/3\/2021\/01\/remy-martin-logo-black.png\",\"width\":500,\"height\":95,\"caption\":\"R\u00e9my Martin\"},\"image\":{\"@id\":\"https:\/\/www.remymartin.com\/fr-fr\/#\/schema\/logo\/image\/\"},\"sameAs\":[\"https:\/\/www.facebook.com\/RemyMartin\",\"https:\/\/x.com\/RemyMartinUS\",\"https:\/\/www.instagram.com\/remymartin\/\",\"https:\/\/www.youtube.com\/user\/officialremymartin\",\"https:\/\/en.wikipedia.org\/wiki\/R\u00e9my_Martin\"]}]}<\/script>","yoast_head_json":{"title":"R\u00e9my Martin - Accessibility - Sch\u00e9ma Pluriannuel de Mise en Accessibilit\u00e9 Num\u00e9rique Provisoire - France","robots":{"index":"index","follow":"follow","max-snippet":"max-snippet:-1","max-image-preview":"max-image-preview:large","max-video-preview":"max-video-preview:-1"},"canonical":"https:\/\/www.remymartin.com\/fr-fr\/accessibility-schema-pluriannuel\/","og_locale":"fr_FR","og_type":"article","og_title":"R\u00e9my Martin - Accessibility - Sch\u00e9ma Pluriannuel de Mise en Accessibilit\u00e9 Num\u00e9rique Provisoire - France","og_url":"https:\/\/www.remymartin.com\/fr-fr\/accessibility-schema-pluriannuel\/","og_site_name":"France","article_publisher":"https:\/\/www.facebook.com\/RemyMartin","article_modified_time":"2026-03-16T08:46:03+00:00","twitter_card":"summary_large_image","twitter_site":"@RemyMartinUS","schema":{"@context":"https:\/\/schema.org","@graph":[{"@type":"WebPage","@id":"https:\/\/www.remymartin.com\/fr-fr\/accessibility-schema-pluriannuel\/","url":"https:\/\/www.remymartin.com\/fr-fr\/accessibility-schema-pluriannuel\/","name":"R\u00e9my Martin - Accessibility - Sch\u00e9ma Pluriannuel de Mise en Accessibilit\u00e9 Num\u00e9rique Provisoire - France","isPartOf":{"@id":"https:\/\/www.remymartin.com\/fr-fr\/#website"},"datePublished":"2025-03-14T16:20:58+00:00","dateModified":"2026-03-16T08:46:03+00:00","inLanguage":"fr-FR","potentialAction":[{"@type":"ReadAction","target":["https:\/\/www.remymartin.com\/fr-fr\/accessibility-schema-pluriannuel\/"]}]},{"@type":"WebSite","@id":"https:\/\/www.remymartin.com\/fr-fr\/#website","url":"https:\/\/www.remymartin.com\/fr-fr\/","name":"France","description":"R\u00e9my Martin France","publisher":{"@id":"https:\/\/www.remymartin.com\/fr-fr\/#organization"},"inLanguage":"fr-FR"},{"@type":"Organization","@id":"https:\/\/www.remymartin.com\/fr-fr\/#organization","name":"R\u00e9my Martin","url":"https:\/\/www.remymartin.com\/fr-fr\/","logo":{"@type":"ImageObject","inLanguage":"fr-FR","@id":"https:\/\/www.remymartin.com\/fr-fr\/#\/schema\/logo\/image\/","url":"https:\/\/static-prod.remymartin.com\/app\/uploads\/sites\/3\/2021\/01\/remy-martin-logo-black.png","contentUrl":"https:\/\/static-prod.remymartin.com\/app\/uploads\/sites\/3\/2021\/01\/remy-martin-logo-black.png","width":500,"height":95,"caption":"R\u00e9my Martin"},"image":{"@id":"https:\/\/www.remymartin.com\/fr-fr\/#\/schema\/logo\/image\/"},"sameAs":["https:\/\/www.facebook.com\/RemyMartin","https:\/\/x.com\/RemyMartinUS","https:\/\/www.instagram.com\/remymartin\/","https:\/\/www.youtube.com\/user\/officialremymartin","https:\/\/en.wikipedia.org\/wiki\/R\u00e9my_Martin"]}]}},"_links":{"self":[{"href":"https:\/\/www.remymartin.com\/fr-fr\/wp-json\/wp\/v2\/pages\/12526","targetHints":{"allow":["GET"]}}],"collection":[{"href":"https:\/\/www.remymartin.com\/fr-fr\/wp-json\/wp\/v2\/pages"}],"about":[{"href":"https:\/\/www.remymartin.com\/fr-fr\/wp-json\/wp\/v2\/types\/page"}],"author":[{"embeddable":true,"href":"https:\/\/www.remymartin.com\/fr-fr\/wp-json\/wp\/v2\/users\/153"}],"replies":[{"embeddable":true,"href":"https:\/\/www.remymartin.com\/fr-fr\/wp-json\/wp\/v2\/comments?post=12526"}],"version-history":[{"count":1,"href":"https:\/\/www.remymartin.com\/fr-fr\/wp-json\/wp\/v2\/pages\/12526\/revisions"}],"predecessor-version":[{"id":14558,"href":"https:\/\/www.remymartin.com\/fr-fr\/wp-json\/wp\/v2\/pages\/12526\/revisions\/14558"}],"wp:attachment":[{"href":"https:\/\/www.remymartin.com\/fr-fr\/wp-json\/wp\/v2\/media?parent=12526"}],"wp:term":[{"taxonomy":"category","embeddable":true,"href":"https:\/\/www.remymartin.com\/fr-fr\/wp-json\/wp\/v2\/categories?post=12526"}],"curies":[{"name":"wp","href":"https:\/\/api.w.org\/{rel}","templated":true}]}}