{"id":12520,"date":"2025-03-14T17:02:48","date_gmt":"2025-03-14T16:02:48","guid":{"rendered":"https:\/\/www.remymartin.com\/fr-fr\/?page_id=12520"},"modified":"2026-03-16T09:44:26","modified_gmt":"2026-03-16T08:44:26","slug":"accessibility","status":"publish","type":"page","link":"https:\/\/www.remymartin.com\/fr-fr\/accessibility\/","title":{"rendered":"Accessibility"},"content":{"rendered":"<div class=\"section  alignfull\" style=\"\" id=\"headline-copy-big-block_589007627704fb8e129420741bd39ddf\">\n\t\t<div class=\"offset-wrapper\" style=\"margin-top: 10vh; margin-bottom: -5vh;\">\n\t\t<div class=\"headline-copy-big\">\n\t\t<div class=\"container\">\n\t\t\t\t\t\t<div class=\"row justify-content-center align-center text-center\">\n\t\t\t\t<div class=\"col-12 col-md-10 col-lg-6\">\n\t\t\t\t\t\t\t\t<div >\n\t\t\t\t\t\t\t\t\t\t\t\t<h1 class=\"light h6\">25\/03\/2025<\/h1>\n\t\t\t\t\t\t\t\t\t\t\t\t<h2>D\u00e9claration d&#8217;accessibilit\u00e9<\/h2>\n\t\t\t\t\t\t<p class=\"m-t-20\">Cette d\u00e9claration a \u00e9t\u00e9 r\u00e9dig\u00e9e le 4\/03\/2026 pour le site https:\/\/www.remymartin.com\/fr-fr\/.\r\n\r\nElle est valide d\u00e8s sa publication, doit \u00eatre actualis\u00e9e apr\u00e8s 3 ans, \u00e0 la suite de modifications majeures du site, ou 18 mois apr\u00e8s une nouvelle version du r\u00e9f\u00e9rentiel.\r\n<br>Derni\u00e8re mise \u00e0 jour : Avril 2026<\/p>\n\t\t\t\t\t<\/div>\n\t\t\t\t<\/div>\n\t\t\t<\/div>\n\t\t<\/div>\n\t<\/div>\n\t\t<\/div>\n\t<\/div>\n\n\n<div class=\"section\" id=\"copy-news-block_37c07a87397cb6b5366ebeb1a4df8254\">\n\t\t<div class=\"copy-news\">\n\t\t<div class=\"container\">\n\t\t\t<div class=\"row\">\n\t\t\t\t<div class=\"col-12 offset-md-2 col-md-8\">\n\t\t\t\t\t<div class=\"WordSection1\">\n<div class=\"WordSection1\">\n<h2>R\u00e9my Martin s&#8217;engage<\/h2>\n<p>&nbsp;<br \/>\nR\u00e9my Martin s\u2019engage \u00e0 rendre ses sites internet, applications mobiles, intranet, extranet et ses progiciels accessibles conform\u00e9ment \u00e0 l\u2019article 47 de la loi n\u00b02005-102 du 11 f\u00e9vrier 2005.<\/p>\n<p>Nous valorisons l&#8217;inclusion et la diversit\u00e9, et nous nous assurons que notre site Web : <a href=\"https:\/\/www.remymartin.com\/fr-fr\/\">https:\/\/www.remymartin.com\/fr-fr\/<\/a> est accessible \u00e0 tous, notamment aux personnes en situation de handicap. Dans cette d\u00e9marche d&#8217;accessibilit\u00e9 num\u00e9rique, nous collaborons avec <a href=\"https:\/\/www.accessiway.fr\/\">Accessiway<\/a>.<\/p>\n<p>Nous sommes r\u00e9solument engag\u00e9s envers un web pour tous. Nous aspirons, dans une vision \u00e0 long terme et responsable, \u00e0 r\u00e9pondre pleinement aux exigences r\u00e9glementaires, notamment le <a href=\"https:\/\/accessibilite.numerique.gouv.fr\/\">RGAA 4.1.2<\/a> et \u00e0 la norme europ\u00e9enne <a href=\"https:\/\/www.etsi.org\/deliver\/etsi_en\/301500_301599\/301549\/03.02.01_60\/en_301549v030201p.pdf\">EN 301 549<\/a>.<\/p>\n<p>\u00c0 cette fin, R\u00e9my Martin met en \u0153uvre la strat\u00e9gie et les actions suivantes :<\/p>\n<ul>\n<li><a href=\"https:\/\/www.remymartin.com\/fr-fr\/accessibility-schema-pluriannuel\/\"><u>Sch\u00e9ma pluriannuel 2025-2027<\/u><\/a><\/li>\n<\/ul>\n<p>&nbsp;<\/p>\n<h2><span lang=\"FR\">\u00e9tat de conformit\u00e9<\/span><\/h2>\n<p>&nbsp;<br \/>\nLe site Web : https:\/\/www.remymartin.com\/fr-fr\/ poss\u00e8de un <strong>taux d\u2019accessibilit\u00e9 de 87.93%<\/strong> et est donc Partiellement conforme avec le r\u00e9f\u00e9rentiel g\u00e9n\u00e9ral d\u2019am\u00e9lioration de l\u2019accessibilit\u00e9 (RGAA 4.1.2).<\/p>\n<p>&nbsp;<\/p>\n<h2>R\u00e9sultats des tests<\/h2>\n<p>&nbsp;<br \/>\nL\u2019audit de conformit\u00e9 r\u00e9alis\u00e9 le 4\/03\/2026 par <a href=\"https:\/\/www.accessiway.fr\/\">AccessiWay<\/a> r\u00e9v\u00e8le que 87.93% des crit\u00e8res du RGAA version 4.1.2 sont respect\u00e9s.<\/p>\n<p>D\u00e9tails des r\u00e9sultats :<\/p>\n<ul>\n<li>Nombre de crit\u00e8res conformes : 51<\/li>\n<li>Nombre de crit\u00e8res non conformes : 7<\/li>\n<li>Nombre de crit\u00e8res non applicables : 48<\/li>\n<\/ul>\n<p>&nbsp;<\/p>\n<h2>Contenu non accessible<\/h2>\n<p>&nbsp;<br \/>\nLes contenus list\u00e9s ci-dessous ne sont pas accessibles pour les raisons suivantes.<\/p>\n<h3 style=\"margin-top: 1.7pt\"><span lang=\"FR\"> Non conformit\u00e9<\/span><\/h3>\n<ul>\n<li>1.2 : Chaque image de d\u00e9coration est-elle correctement ignor\u00e9e par les technologies d\u2019assistance\u2009?<\/li>\n<li>3.2 : Dans chaque page web, le contraste entre la couleur du texte et la couleur de son arri\u00e8re-plan est-il suffisamment \u00e9lev\u00e9 (hors cas particuliers)\u2009?<\/li>\n<li>6.1 : Chaque lien est-il explicite (hors cas particuliers)\u2009?<\/li>\n<li>7.3 : Chaque script est-il contr\u00f4lable par le clavier et par tout dispositif de pointage (hors cas particuliers)\u2009?<\/li>\n<li>9.1 : Dans chaque page web, l\u2019information est-elle structur\u00e9e par l\u2019utilisation appropri\u00e9e de titres\u2009?<\/li>\n<li>9.3 : Dans chaque page web, chaque liste est-elle correctement structur\u00e9e\u2009?<\/li>\n<li>10.7 : Dans chaque page web, pour chaque \u00e9l\u00e9ment recevant le focus, la prise de focus est-elle visible\u2009?<\/li>\n<li>11.10 : Dans chaque formulaire, le contr\u00f4le de saisie est-il utilis\u00e9 de mani\u00e8re pertinente (hors cas particuliers)\u2009?<\/li>\n<li>12.1 : Chaque ensemble de pages dispose-t-il de deux syst\u00e8mes de navigation diff\u00e9rents, au moins (hors cas particuliers)\u2009?<\/li>\n<li>12.7 : Dans chaque page web, un lien d\u2019\u00e9vitement ou d\u2019acc\u00e8s rapide \u00e0 la zone de contenu principal est-il pr\u00e9sent (hors cas particuliers)\u2009?<\/li>\n<li>13.8 : Dans chaque page web, chaque contenu en mouvement ou clignotant est-il contr\u00f4lable par l\u2019utilisateur\u2009?<\/li>\n<\/ul>\n<\/div>\n<\/div>\n<h3>D\u00e9rogations pour charge disproportionn\u00e9e<\/h3>\n<p>Aucun contenu \u00e0 mentionner<\/p>\n<h3>Contenus non soumis \u00e0 l\u2019obligation d\u2019accessibilit\u00e9<\/h3>\n<p>Aucun contenu \u00e0 mentionner<\/p>\n<h3>\u00c9tablissement de cette d\u00e9claration d\u2019accessibilit\u00e9<\/h3>\n<p>Cette d\u00e9claration a \u00e9t\u00e9 \u00e9tablie le 4\/03\/2026.<\/p>\n<h3>Technologies utilis\u00e9es pour la r\u00e9alisation du site<\/h3>\n<ul>\n<li>HTML5<\/li>\n<li>CSS<\/li>\n<li>Javascript<\/li>\n<\/ul>\n<h3><span lang=\"FR\">Environnement de test<\/span><\/h3>\n<h5><span lang=\"FR\">\u00a0 \u00a0 \u00a0Syst\u00e8mes d\u2019exploitation<\/span><\/h5>\n<p>Dans les derni\u00e8res versions disponibles :<\/p>\n<ul>\n<li>Apple Mac Os<\/li>\n<li>Microsoft Windows<\/li>\n<li>Apple iOS<\/li>\n<li>Google Android<\/li>\n<\/ul>\n<h5><span lang=\"FR\">\u00a0 \u00a0 \u00a0Navigateurs et softwares<\/span><\/h5>\n<p>Dans les derni\u00e8res versions disponibles sur les diff\u00e9rents syst\u00e8mes d&#8217;exploitation :<\/p>\n<ul>\n<li>Google Chrome<\/li>\n<li>Windows Edge<\/li>\n<li>Safari<\/li>\n<li>Brave<\/li>\n<li>Adobe Acrobat Reader \/ Preview on Mac (pour PDFs uniquement)<\/li>\n<\/ul>\n<h4><span lang=\"FR\">Outils pour \u00e9valuer l\u2019accessibilit\u00e9<\/span><\/h4>\n<ul>\n<li>Emulations de souris, loupes et claviers \u00e0 l&#8217;\u00e9cran des diff\u00e9rents syst\u00e8mes.<\/li>\n<li>Voiceover (Apple systems uniquement)<\/li>\n<li>Talkback (Android uniquement)<\/li>\n<li>NVDA 2025 et Freedom scientific Jaws 2022 (PC systems uniquement)<\/li>\n<li>Tanaguru webext RGAA4<\/li>\n<li>Assistant RGAA<\/li>\n<li>Outils d\u2019\u00e9valuations graphiques pr\u00e9sentes sur les diff\u00e9rents syst\u00e8mes (couleurs, contrastes, sous-titres, etc.)<\/li>\n<\/ul>\n<p>&nbsp;<\/p>\n<h4>Pages du site ayant fait l\u2019objet de la v\u00e9rification de conformit\u00e9<\/h4>\n<ul>\n<li><a href=\"https:\/\/www.remymartin.com\/en-us\/\">Home Page<\/a><\/li>\n<li><a href=\"https:\/\/www.remymartin.com\/en-us\/contact\/\">Contact Page<\/a><\/li>\n<li><a href=\"https:\/\/www.remymartin.com\/en-us\/terms-and-conditions\/\">Legal Notice<\/a><\/li>\n<li><a href=\"https:\/\/www.remymartin.com\/en-us\/accessibility\/\">Accessibility Page<\/a><\/li>\n<li><a href=\"https:\/\/www.remymartin.com\/en-us\/visit-us\/faq\/\">Help<\/a><\/li>\n<li><a href=\"https:\/\/remymartin.flaviar.com\/checkouts\/co\/425d8cfee7215414d69f3017629a6751?uuid=84137e1d-c2b5-49b8-9a4b-68592c71995b\">Checkout<\/a><\/li>\n<li><a href=\"https:\/\/www.remymartin.com\/en-us\/collection\/\">Collection<\/a><\/li>\n<li><a href=\"https:\/\/www.remymartin.com\/en-us\/collection\/xo\/\">R\u00e9my Martin XO The icon<\/a><\/li>\n<li><a href=\"https:\/\/www.remymartin.com\/en-us\/neat-or-on-ice\/\">Cognac neat or on the rock ?<\/a><\/li>\n<li><a href=\"https:\/\/www.remymartin.com\/en-us\/our-commitment\/\">Our commitment<\/a><\/li>\n<li><a href=\"https:\/\/www.remymartin.com\/en-us\/visit-us\/\">Our tours<\/a><\/li>\n<li><a href=\"https:\/\/www.remymartin.com\/en-us\/news\/\">New &amp; Events<\/a><\/li>\n<li><a href=\"https:\/\/www.remymartin.com\/en-us\/who-we-are\/our-history\/\">Our history<\/a><\/li>\n<li><a href=\"https:\/\/www.remymartin.com\/en-us\/how-cognac-is-made\/\">How the cognac is made<\/a><\/li>\n<li><a href=\"https:\/\/www.remymartin.com\/en-us\/\">Legal age form<\/a><\/li>\n<\/ul>\n<p>&nbsp;<\/p>\n<div class=\"WordSection1\">\n<div class=\"WordSection1\">\n<h2><span lang=\"FR\">Retour d\u2019information et contact<\/span><\/h2>\n<p>&nbsp;<br \/>\nSi vous n\u2019arrivez pas \u00e0 acc\u00e9der \u00e0 un contenu ou \u00e0 un service, vous pouvez contacter le responsable de l\u2019accessibilit\u00e9 de <a href=\"https:\/\/www.remymartin.com\/fr-fr\/visitez-nous\/contact-visites-remy-martin\/\"><strong>R\u00e9my Martin<\/strong><\/a> pour \u00eatre orient\u00e9 vers une alternative accessible ou obtenir le contenu sous une autre forme.<\/p>\n<p>&nbsp;<\/p>\n<h2>Voies de recours<\/h2>\n<p>&nbsp;<br \/>\nSi vous constatez un d\u00e9faut d\u2019accessibilit\u00e9 vous emp\u00eachant d\u2019acc\u00e9der \u00e0 un contenu ou une fonctionnalit\u00e9 du site et qu&#8217;apr\u00e8s nous l&#8217;avoir signal\u00e9 vous ne parvenez pas \u00e0 obtenir une r\u00e9ponse de notre part, vous \u00eates en droit de faire parvenir vos dol\u00e9ances ou une demande de saisine au D\u00e9fenseur des droits.<\/p>\n<p>Plusieurs moyens sont \u00e0 votre disposition\u202f:<\/p>\n<ul>\n<li>\u00c9crire un message au <a href=\"https:\/\/formulaire.defenseurdesdroits.fr\/\">D\u00e9fenseur des droits (nouvelle fen\u00eatre)<\/a><\/li>\n<li>Contacter le d\u00e9l\u00e9gu\u00e9 du <a href=\"https:\/\/www.defenseurdesdroits.fr\/saisir\/delegues\">D\u00e9fenseur des droits dans votre r\u00e9gion (nouvelle fen\u00eatre)<\/a><\/li>\n<li>Envoyer un courrier (gratuit, ne pas mettre de timbre) :<\/li>\n<\/ul>\n<p>D\u00e9fenseur des droits<br \/>\nLibre r\u00e9ponse 71120<br \/>\n75342 Paris CEDEX 07<br \/>\nFrance<\/p>\n<p>&nbsp;<\/p>\n<\/div>\n<\/div>\n\n\t\t\t\t<\/div>\n\t\t\t<\/div>\n\t\t<\/div>\n\t<\/div>\n\t<\/div>\n","protected":false},"excerpt":{"rendered":"","protected":false},"author":153,"featured_media":0,"parent":0,"menu_order":0,"comment_status":"closed","ping_status":"closed","template":"","meta":{"_acf_changed":false,"editor_notices":[],"footnotes":""},"categories":[],"class_list":["post-12520","page","type-page","status-publish","hentry"],"acf":[],"yoast_head":"<title>R\u00e9my Martin - Accessibility - France<\/title>\n<meta name=\"robots\" content=\"index, follow, max-snippet:-1, max-image-preview:large, max-video-preview:-1\" \/>\n<link rel=\"canonical\" href=\"https:\/\/www.remymartin.com\/fr-fr\/accessibility\/\" \/>\n<meta property=\"og:locale\" content=\"fr_FR\" \/>\n<meta property=\"og:type\" content=\"article\" \/>\n<meta property=\"og:title\" content=\"R\u00e9my Martin - Accessibility - France\" \/>\n<meta property=\"og:url\" content=\"https:\/\/www.remymartin.com\/fr-fr\/accessibility\/\" \/>\n<meta property=\"og:site_name\" content=\"France\" \/>\n<meta property=\"article:publisher\" content=\"https:\/\/www.facebook.com\/RemyMartin\" \/>\n<meta property=\"article:modified_time\" content=\"2026-03-16T08:44:26+00:00\" \/>\n<meta name=\"twitter:card\" content=\"summary_large_image\" \/>\n<meta name=\"twitter:site\" content=\"@RemyMartinUS\" \/>\n<script type=\"application\/ld+json\" class=\"yoast-schema-graph\">{\"@context\":\"https:\/\/schema.org\",\"@graph\":[{\"@type\":\"WebPage\",\"@id\":\"https:\/\/www.remymartin.com\/fr-fr\/accessibility\/\",\"url\":\"https:\/\/www.remymartin.com\/fr-fr\/accessibility\/\",\"name\":\"R\u00e9my Martin - Accessibility - France\",\"isPartOf\":{\"@id\":\"https:\/\/www.remymartin.com\/fr-fr\/#website\"},\"datePublished\":\"2025-03-14T16:02:48+00:00\",\"dateModified\":\"2026-03-16T08:44:26+00:00\",\"inLanguage\":\"fr-FR\",\"potentialAction\":[{\"@type\":\"ReadAction\",\"target\":[\"https:\/\/www.remymartin.com\/fr-fr\/accessibility\/\"]}]},{\"@type\":\"WebSite\",\"@id\":\"https:\/\/www.remymartin.com\/fr-fr\/#website\",\"url\":\"https:\/\/www.remymartin.com\/fr-fr\/\",\"name\":\"France\",\"description\":\"R\u00e9my Martin France\",\"publisher\":{\"@id\":\"https:\/\/www.remymartin.com\/fr-fr\/#organization\"},\"inLanguage\":\"fr-FR\"},{\"@type\":\"Organization\",\"@id\":\"https:\/\/www.remymartin.com\/fr-fr\/#organization\",\"name\":\"R\u00e9my Martin\",\"url\":\"https:\/\/www.remymartin.com\/fr-fr\/\",\"logo\":{\"@type\":\"ImageObject\",\"inLanguage\":\"fr-FR\",\"@id\":\"https:\/\/www.remymartin.com\/fr-fr\/#\/schema\/logo\/image\/\",\"url\":\"https:\/\/static-prod.remymartin.com\/app\/uploads\/sites\/3\/2021\/01\/remy-martin-logo-black.png\",\"contentUrl\":\"https:\/\/static-prod.remymartin.com\/app\/uploads\/sites\/3\/2021\/01\/remy-martin-logo-black.png\",\"width\":500,\"height\":95,\"caption\":\"R\u00e9my Martin\"},\"image\":{\"@id\":\"https:\/\/www.remymartin.com\/fr-fr\/#\/schema\/logo\/image\/\"},\"sameAs\":[\"https:\/\/www.facebook.com\/RemyMartin\",\"https:\/\/x.com\/RemyMartinUS\",\"https:\/\/www.instagram.com\/remymartin\/\",\"https:\/\/www.youtube.com\/user\/officialremymartin\",\"https:\/\/en.wikipedia.org\/wiki\/R\u00e9my_Martin\"]}]}<\/script>","yoast_head_json":{"title":"R\u00e9my Martin - Accessibility - France","robots":{"index":"index","follow":"follow","max-snippet":"max-snippet:-1","max-image-preview":"max-image-preview:large","max-video-preview":"max-video-preview:-1"},"canonical":"https:\/\/www.remymartin.com\/fr-fr\/accessibility\/","og_locale":"fr_FR","og_type":"article","og_title":"R\u00e9my Martin - Accessibility - France","og_url":"https:\/\/www.remymartin.com\/fr-fr\/accessibility\/","og_site_name":"France","article_publisher":"https:\/\/www.facebook.com\/RemyMartin","article_modified_time":"2026-03-16T08:44:26+00:00","twitter_card":"summary_large_image","twitter_site":"@RemyMartinUS","schema":{"@context":"https:\/\/schema.org","@graph":[{"@type":"WebPage","@id":"https:\/\/www.remymartin.com\/fr-fr\/accessibility\/","url":"https:\/\/www.remymartin.com\/fr-fr\/accessibility\/","name":"R\u00e9my Martin - Accessibility - France","isPartOf":{"@id":"https:\/\/www.remymartin.com\/fr-fr\/#website"},"datePublished":"2025-03-14T16:02:48+00:00","dateModified":"2026-03-16T08:44:26+00:00","inLanguage":"fr-FR","potentialAction":[{"@type":"ReadAction","target":["https:\/\/www.remymartin.com\/fr-fr\/accessibility\/"]}]},{"@type":"WebSite","@id":"https:\/\/www.remymartin.com\/fr-fr\/#website","url":"https:\/\/www.remymartin.com\/fr-fr\/","name":"France","description":"R\u00e9my Martin France","publisher":{"@id":"https:\/\/www.remymartin.com\/fr-fr\/#organization"},"inLanguage":"fr-FR"},{"@type":"Organization","@id":"https:\/\/www.remymartin.com\/fr-fr\/#organization","name":"R\u00e9my Martin","url":"https:\/\/www.remymartin.com\/fr-fr\/","logo":{"@type":"ImageObject","inLanguage":"fr-FR","@id":"https:\/\/www.remymartin.com\/fr-fr\/#\/schema\/logo\/image\/","url":"https:\/\/static-prod.remymartin.com\/app\/uploads\/sites\/3\/2021\/01\/remy-martin-logo-black.png","contentUrl":"https:\/\/static-prod.remymartin.com\/app\/uploads\/sites\/3\/2021\/01\/remy-martin-logo-black.png","width":500,"height":95,"caption":"R\u00e9my Martin"},"image":{"@id":"https:\/\/www.remymartin.com\/fr-fr\/#\/schema\/logo\/image\/"},"sameAs":["https:\/\/www.facebook.com\/RemyMartin","https:\/\/x.com\/RemyMartinUS","https:\/\/www.instagram.com\/remymartin\/","https:\/\/www.youtube.com\/user\/officialremymartin","https:\/\/en.wikipedia.org\/wiki\/R\u00e9my_Martin"]}]}},"_links":{"self":[{"href":"https:\/\/www.remymartin.com\/fr-fr\/wp-json\/wp\/v2\/pages\/12520","targetHints":{"allow":["GET"]}}],"collection":[{"href":"https:\/\/www.remymartin.com\/fr-fr\/wp-json\/wp\/v2\/pages"}],"about":[{"href":"https:\/\/www.remymartin.com\/fr-fr\/wp-json\/wp\/v2\/types\/page"}],"author":[{"embeddable":true,"href":"https:\/\/www.remymartin.com\/fr-fr\/wp-json\/wp\/v2\/users\/153"}],"replies":[{"embeddable":true,"href":"https:\/\/www.remymartin.com\/fr-fr\/wp-json\/wp\/v2\/comments?post=12520"}],"version-history":[{"count":1,"href":"https:\/\/www.remymartin.com\/fr-fr\/wp-json\/wp\/v2\/pages\/12520\/revisions"}],"predecessor-version":[{"id":14556,"href":"https:\/\/www.remymartin.com\/fr-fr\/wp-json\/wp\/v2\/pages\/12520\/revisions\/14556"}],"wp:attachment":[{"href":"https:\/\/www.remymartin.com\/fr-fr\/wp-json\/wp\/v2\/media?parent=12520"}],"wp:term":[{"taxonomy":"category","embeddable":true,"href":"https:\/\/www.remymartin.com\/fr-fr\/wp-json\/wp\/v2\/categories?post=12520"}],"curies":[{"name":"wp","href":"https:\/\/api.w.org\/{rel}","templated":true}]}}